{"id":92,"date":"2021-03-17T22:07:51","date_gmt":"2021-03-17T22:07:51","guid":{"rendered":"https:\/\/verenamahlow.com\/?page_id=92"},"modified":"2022-02-15T10:32:44","modified_gmt":"2022-02-15T16:32:44","slug":"about","status":"publish","type":"page","link":"https:\/\/verenamahlow.com\/?page_id=92","title":{"rendered":"About"},"content":{"rendered":"\n<div class=\"wp-block-media-text alignwide is-stacked-on-mobile\"><figure class=\"wp-block-media-text__media\"><img loading=\"lazy\" decoding=\"async\" width=\"739\" height=\"776\" src=\"https:\/\/verenamahlow.com\/wp-content\/uploads\/2021\/04\/IMG_8282.jpeg\" alt=\"\" class=\"wp-image-309 size-full\" srcset=\"https:\/\/verenamahlow.com\/wp-content\/uploads\/2021\/04\/IMG_8282.jpeg 739w, https:\/\/verenamahlow.com\/wp-content\/uploads\/2021\/04\/IMG_8282-286x300.jpeg 286w\" sizes=\"auto, (max-width: 739px) 100vw, 739px\" \/><\/figure><div class=\"wp-block-media-text__content\">\n<p>Born in a small German town above the Rhine river, I was always the first one on the trains to adventure in the great wide world. I went to summer schools in France, took scholarships in Italy, was a DAAD\/ Fulbright student in Middlebury, VT., a scholar at the IWT Center of Rhodes, the University of Milan, the Literaturhaus Munich ecc. As a student, I waited tables at winefests and carnival sessions to earn the money for Eurorail-passes and plane tickets to explore the continent from Greece to Gibraltar, and across the USA from coast to coast. I guess I have some Nomadic genes.<br>Besides traveling, I have always loved languages, reading and writing. I graduated with an MA in German, American and Italian Studies at the Johannes-Gutenberg-University of Mainz, worked as a journalist, writer, translator and interpreter, and lived part of many years on the Spanish island of Ibiza. There, I translated a book on Ibizan ethnology and wrote my PhD-thesis on the Jewish writer Claire Goll and female identity in the arts. After some stints in academic Ivory towers, I decided to get a training as a scriptwriter and wrote a number of scripts for TV-movies. In German, I also have one (award winning) novel, many short stories, essays and other non-fiction published. <br>For some years now, I have been living on both sides of the Big Pond, in Mainz, Germany, and Dallas, TX., where I realized that after years of TV-writing I burnt to turn back to fiction. My first short story in the English language, &#8220;Goodbye, Shoes&#8221; was published in January, and now I\u00b4m thrilled to announce my second novel &#8211;my first in English&#8211;, titled &#8220;Island of Dead Gods.&#8221;<\/p>\n<\/div><\/div>\n\n\n\n<p><strong><mark style=\"background-color:rgba(0, 0, 0, 0)\" class=\"has-inline-color has-vivid-red-color\">See Interview by Voyage Dallas &#8211; <\/mark><\/strong><a href=\"http:\/\/voyagedallas.com\/interview\/daily-inspiration-meet-verena-mahlow\/\"><mark style=\"background-color:rgba(0, 0, 0, 0)\" class=\"has-inline-color has-vivid-red-color\">http:\/\/voyagedallas.com\/interview\/daily-inspiration-meet-verena-mahlow\/<\/mark><\/a><\/p>\n\n\n\n<p class=\"has-vivid-red-color has-text-color\"><strong>Advocate Magazine Love Story<\/strong> &#8211; <a href=\"https:\/\/lakehighlands.advocatemag.com\/2022\/01\/31\/verena-mahlow-and-alan-love-story\/\">https:\/\/lakehighlands.advocatemag.com\/2022\/01\/31\/verena-mahlow-and-alan-love-story\/<\/a><\/p>\n\n\n\n<p class=\"has-black-color has-text-color\"><strong>Scholarships \/ awards<\/strong> (selection)<\/p>\n\n\n\n<p>Literary award (1st prize &#8220;Frauengeschichten&#8221;-Wettbewerb des Gustav L\u00fcbbe-Verlags) for the novel &#8220;Ein Mann f\u00fcr den Dreizehnten&#8221; <br>Scholarship of the KMA-Drehbuchakademie M\u00fcnchen\/Ludwigshafen (screenwriters\u00b4academy)<br>&#8220;Limburg&#8221;-award for &#8220;Mein Schweigen (short story)<br>Stipend of the Bertelsmann-foundation for the projected novel &#8220;Im Monat des KRR&#8221; (now &#8220;Island of Dead Gods&#8221;)<br>Martha-Saalfeld-award of the Ministery of Culture Rhenania-Palatinate<br>Writers\u00b4residency of Rhodes, Greece (Unesco)<\/p>\n\n\n\n<p><\/p>\n","protected":false},"excerpt":{"rendered":"<p>Born in a small German town above the Rhine river, I was always the first one on the trains to adventure in the great wide world. I went to summer schools in France, took scholarships in Italy, was a DAAD\/ Fulbright student in Middlebury, VT., &hellip; <\/p>\n","protected":false},"author":2,"featured_media":0,"parent":0,"menu_order":0,"comment_status":"closed","ping_status":"closed","template":"","meta":{"_monsterinsights_skip_tracking":false,"_monsterinsights_sitenote_active":false,"_monsterinsights_sitenote_note":"","_monsterinsights_sitenote_category":0,"footnotes":""},"class_list":["post-92","page","type-page","status-publish","hentry"],"aioseo_notices":[],"_links":{"self":[{"href":"https:\/\/verenamahlow.com\/index.php?rest_route=\/wp\/v2\/pages\/92","targetHints":{"allow":["GET"]}}],"collection":[{"href":"https:\/\/verenamahlow.com\/index.php?rest_route=\/wp\/v2\/pages"}],"about":[{"href":"https:\/\/verenamahlow.com\/index.php?rest_route=\/wp\/v2\/types\/page"}],"author":[{"embeddable":true,"href":"https:\/\/verenamahlow.com\/index.php?rest_route=\/wp\/v2\/users\/2"}],"replies":[{"embeddable":true,"href":"https:\/\/verenamahlow.com\/index.php?rest_route=%2Fwp%2Fv2%2Fcomments&post=92"}],"version-history":[{"count":8,"href":"https:\/\/verenamahlow.com\/index.php?rest_route=\/wp\/v2\/pages\/92\/revisions"}],"predecessor-version":[{"id":430,"href":"https:\/\/verenamahlow.com\/index.php?rest_route=\/wp\/v2\/pages\/92\/revisions\/430"}],"wp:attachment":[{"href":"https:\/\/verenamahlow.com\/index.php?rest_route=%2Fwp%2Fv2%2Fmedia&parent=92"}],"curies":[{"name":"wp","href":"https:\/\/api.w.org\/{rel}","templated":true}]}}